{"id":272412,"date":"2021-02-23T23:53:28","date_gmt":"2021-02-23T23:53:28","guid":{"rendered":"https:\/\/staging.lakewell.com\/product\/non%20class\u00e9\/jeu-de-tapis-dinterieur-tvr-chimaera-92-03\/"},"modified":"2022-08-06T22:53:29","modified_gmt":"2022-08-06T22:53:29","slug":"jeu-de-moquettes-interieur-tvr-chimaera-92-03","status":"publish","type":"product","link":"https:\/\/www.lakewell.com\/fr\/shop\/tvr\/chimaera\/jeu-de-moquettes-interieur-tvr-chimaera-92-03\/","title":{"rendered":"Jeu de moquettes int\u00e9rieur TVR Chimaera &#8217;92-&#8217;03"},"content":{"rendered":"<p>Jeu de tapis complet pour tous les mod\u00e8les TVR Chimaera de 1992-2003.<\/p>\n<p>Tout au long du processus de production, nous respectons \u00e9troitement les sp\u00e9cifications de l&#8217;usine de Blackpool&nbsp;; de la couture, la reliure des bords, jusqu&#8217;\u00e0 l&#8217;ameublement et les accessoires. M\u00eame les talonnettes d&#8217;origine sont reproduites selon des normes exactes dans notre usine de moulage de caoutchouc. Tous les mat\u00e9riaux sont coup\u00e9s avec pr\u00e9cision, coll\u00e9s sous pression et pr\u00e9form\u00e9s pour garantir un ajustement authentique d&#8217;usine.<\/p>\n<p>Nous utilisons du velours de qualit\u00e9 sup\u00e9rieure \u00e0 partir d&#8217;un m\u00e9lange laine\/nylon qui est disponible dans les couleurs les plus courantes ; Noir, Gris, Rouge, Bleu Fonc\u00e9 (pas marine), Magnolia, Beige, Biscuit et Tan. Si n\u00e9cessaire, nous pouvons fabriquer cet ensemble de tapis avec un passepoil contrast\u00e9 (veuillez choisir \u00ab&nbsp;personnalis\u00e9&nbsp;\u00bb dans la zone de liste lors de la commande.<\/p>\n<p>L&#8217;ensemble standard est livr\u00e9 sans tapis de porte. Cependant, ceux-ci peuvent \u00eatre inclus en option (veuillez v\u00e9rifier les sp\u00e9cifications de votre voiture).<\/p>\n<p>L&#8217;installation ne n\u00e9cessite aucun outil sp\u00e9cifique et est confortablement \u00e0 la port\u00e9e d&#8217;un passionn\u00e9-bricoleur.<\/p>\n","protected":false},"excerpt":{"rendered":"<p>Jeu de tapis complet pour tous les mod\u00e8les TVR Chimaera de 1992 \u00e0 2003, avec talonnettes moul\u00e9es d&#8217;origine.<\/p>\n","protected":false},"featured_media":276141,"template":"","meta":[],"product_cat":[7587],"product_tag":[],"class_list":{"0":"post-272412","1":"product","2":"type-product","3":"status-publish","4":"has-post-thumbnail","6":"product_cat-chimaera","8":"first","9":"instock","10":"taxable","11":"shipping-taxable","12":"purchasable","13":"product-type-variable","14":"has-product-sample"},"wcpa_form_fields":null,"_links":{"self":[{"href":"https:\/\/www.lakewell.com\/fr\/wp-json\/wp\/v2\/product\/272412","targetHints":{"allow":["GET"]}}],"collection":[{"href":"https:\/\/www.lakewell.com\/fr\/wp-json\/wp\/v2\/product"}],"about":[{"href":"https:\/\/www.lakewell.com\/fr\/wp-json\/wp\/v2\/types\/product"}],"wp:featuredmedia":[{"embeddable":true,"href":"https:\/\/www.lakewell.com\/fr\/wp-json\/wp\/v2\/media\/276141"}],"wp:attachment":[{"href":"https:\/\/www.lakewell.com\/fr\/wp-json\/wp\/v2\/media?parent=272412"}],"wp:term":[{"taxonomy":"product_cat","embeddable":true,"href":"https:\/\/www.lakewell.com\/fr\/wp-json\/wp\/v2\/product_cat?post=272412"},{"taxonomy":"product_tag","embeddable":true,"href":"https:\/\/www.lakewell.com\/fr\/wp-json\/wp\/v2\/product_tag?post=272412"}],"curies":[{"name":"wp","href":"https:\/\/api.w.org\/{rel}","templated":true}]}}