{"id":272490,"date":"2021-03-17T17:31:54","date_gmt":"2021-03-17T17:31:54","guid":{"rendered":"https:\/\/staging.lakewell.com\/product\/non%20class\u00e9\/jeu-de-moquettes-interieures-volvo-p1800s-e-et-es-modeles-63-73\/"},"modified":"2022-08-06T22:54:08","modified_gmt":"2022-08-06T22:54:08","slug":"jeu-de-moquettes-interieur-volvo-p1800se-et-es-models-63-73","status":"publish","type":"product","link":"https:\/\/www.lakewell.com\/fr\/shop\/volvo\/jeu-de-moquettes-interieur-volvo-p1800se-et-es-models-63-73\/","title":{"rendered":"Jeu de moquettes int\u00e9rieur Volvo P1800S\/E et ES mod\u00e8les &#8217;63-&#8217;73"},"content":{"rendered":"<p>Jeu de tapis complet pour le mod\u00e8le su\u00e9dois (non Jensen) Volvo P1800S (&#8217;63-&#8217;70), le mod\u00e8le P1800E (&#8217;70-&#8217;72) et le mod\u00e8le ES (&#8217;72-&#8217;73).<\/p>\n<p>Tout au long du processus de production, nous respectons \u00e9troitement les sp\u00e9cifications de l&#8217;usine de G\u00f6teborg ; de la couture, la reliure des bords, jusqu&#8217;\u00e0 l&#8217;ameublement et le rembourrage du talon. La pi\u00e8ce de bas de caisse a le soufflet\/gu\u00eatre de frein \u00e0 main cousu comme l&#8217;original. Nous reproduisons m\u00eame les coutures en zigzag appliqu\u00e9es sur les mod\u00e8les Estate. Tous les mat\u00e9riaux sont coup\u00e9s avec pr\u00e9cision, coll\u00e9s sous pression et pr\u00e9form\u00e9s pour garantir un ajustement authentique d&#8217;usine.<\/p>\n<p>Nous utilisons en standard du velours de qualit\u00e9 sup\u00e9rieure \u00e0 partir d&#8217;un m\u00e9lange laine\/nylon. Cet ensemble peut \u00e9galement \u00eatre r\u00e9alis\u00e9 en boucl\u00e9 Haargarn comme original pour les premi\u00e8res versions<\/p>\n<p>L&#8217;installation ne n\u00e9cessite aucun outil sp\u00e9cifique et est confortablement \u00e0 la port\u00e9e d&#8217;un passionn\u00e9-bricoleur.<\/p>\n","protected":false},"excerpt":{"rendered":"<p>Jeu de tapis complet pour le mod\u00e8le su\u00e9dois (non Jensen) Volvo P1800S (&#8217;63-&#8217;70), le mod\u00e8le P1800E (&#8217;70-&#8217;72) et le mod\u00e8le ES (&#8217;72-&#8217;73).<\/p>\n","protected":false},"featured_media":276152,"template":"","meta":[],"product_cat":[7590],"product_tag":[],"class_list":{"0":"post-272490","1":"product","2":"type-product","3":"status-publish","4":"has-post-thumbnail","6":"product_cat-volvo","8":"first","9":"instock","10":"taxable","11":"shipping-taxable","12":"purchasable","13":"product-type-variable"},"wcpa_form_fields":null,"_links":{"self":[{"href":"https:\/\/www.lakewell.com\/fr\/wp-json\/wp\/v2\/product\/272490","targetHints":{"allow":["GET"]}}],"collection":[{"href":"https:\/\/www.lakewell.com\/fr\/wp-json\/wp\/v2\/product"}],"about":[{"href":"https:\/\/www.lakewell.com\/fr\/wp-json\/wp\/v2\/types\/product"}],"wp:featuredmedia":[{"embeddable":true,"href":"https:\/\/www.lakewell.com\/fr\/wp-json\/wp\/v2\/media\/276152"}],"wp:attachment":[{"href":"https:\/\/www.lakewell.com\/fr\/wp-json\/wp\/v2\/media?parent=272490"}],"wp:term":[{"taxonomy":"product_cat","embeddable":true,"href":"https:\/\/www.lakewell.com\/fr\/wp-json\/wp\/v2\/product_cat?post=272490"},{"taxonomy":"product_tag","embeddable":true,"href":"https:\/\/www.lakewell.com\/fr\/wp-json\/wp\/v2\/product_tag?post=272490"}],"curies":[{"name":"wp","href":"https:\/\/api.w.org\/{rel}","templated":true}]}}