{"id":272848,"date":"2021-01-05T16:29:14","date_gmt":"2021-01-05T16:29:14","guid":{"rendered":"https:\/\/staging.lakewell.com\/product\/non%20class\u00e9\/console-centrale-complete-porsche-914-69-76\/"},"modified":"2022-08-07T07:55:58","modified_gmt":"2022-08-07T07:55:58","slug":"console-centrale-complete-porsche-914-69-76","status":"publish","type":"product","link":"https:\/\/www.lakewell.com\/fr\/shop\/porsche\/914\/console-centrale-complete-porsche-914-69-76\/","title":{"rendered":"Console centrale compl\u00e8te Porsche 914 &#8217;69-&#8217;76"},"content":{"rendered":"<p>Console centrale compl\u00e8te &#8220;Appearance Group&#8221; pr\u00eate \u00e0 monter pour tous les mod\u00e8les Porsche 914 de 1969 \u00e0 1976. Avec des ouvertures pr\u00e9d\u00e9coup\u00e9es pour les trois jauges VDO comme d&#8217;origine. Disponible en cuir Porsche Nappa Noir ou en vynil classique Porsche.<\/p>\n<p>La console centrale 914 \u00e9tait \u00e0 l&#8217;origine une option sur les mod\u00e8les 914 de 1973 et plus tard. Cette console centrale \u00e9tait g\u00e9n\u00e9ralement vendue dans le cadre du groupe &#8220;Appearance Group&#8221; qui comprenait divers autres \u00e9l\u00e9ments de garniture et des pare-chocs chrom\u00e9s. La console comporte des ouvertures pr\u00e9d\u00e9coup\u00e9es pour les trois jauges VDO install\u00e9es au centre : une horloge, une jauge de temp\u00e9rature d&#8217;huile moteur et un voltm\u00e8tre (non inclus).<\/p>\n<p>Notre console centrale 914 est parmi les meilleures disponibles pour l&#8217;originalit\u00e9 et l&#8217;ajustement. Nous respectons \u00e9tape par \u00e9tape les sp\u00e9cifications de l&#8217;usine de Stuttgart ; \u00e0 partir des meilleures peaux \u00e9cossaises, vinyle assortie, mousse anti-vibrations et panneau de support r\u00e9sistant \u00e0 l&#8217;eau. Tous les panneaux sont coup\u00e9s avec pr\u00e9cision, cousus et coll\u00e9s sous pression pour garantir un ajustement authentique d&#8217;usine.<\/p>\n<p>La console centrale est livr\u00e9e avec des instructions d&#8217;installation \u00e9tape par \u00e9tape et des images. L&#8217;installation de la console centrale sur les voitures de 1973 et apr\u00e8s est relativement facile, car le faisceau de c\u00e2blage existe d\u00e9j\u00e0 pour le brancher. Sur les voitures plus anciennes, vous devrez brancher le faisceau de c\u00e2blage. Pour une premi\u00e8re installation, assurez-vous d&#8217;inclure les supports de montage dans votre commande.<\/p>\n<p>En raison de la d\u00e9coloration du mat\u00e9riau d&#8217;origine et des diff\u00e9rences de couleur entre les lots de teinture, nous proposons la console centrale en noir uniquement. Pour les kits int\u00e9rieurs complets, nous pouvons proposer la plupart des couleurs Porsche d&#8217;origine (veuillez nous contacter) .<\/p>\n","protected":false},"excerpt":{"rendered":"<p>Console centrale compl\u00e8te &#8220;Appearance Group&#8221; pr\u00eate \u00e0 monter pour tous les mod\u00e8les Porsche 914 de 1969 \u00e0 1976. Disponible en cuir Porsche Nappa Noir ou en vynil classique Porsche.<\/p>\n","protected":false},"featured_media":269290,"template":"","meta":[],"product_cat":[7576],"product_tag":[],"class_list":{"0":"post-272848","1":"product","2":"type-product","3":"status-publish","4":"has-post-thumbnail","6":"product_cat-7576","8":"first","9":"instock","10":"taxable","11":"shipping-taxable","12":"purchasable","13":"product-type-variable","14":"has-product-sample"},"wcpa_form_fields":null,"_links":{"self":[{"href":"https:\/\/www.lakewell.com\/fr\/wp-json\/wp\/v2\/product\/272848","targetHints":{"allow":["GET"]}}],"collection":[{"href":"https:\/\/www.lakewell.com\/fr\/wp-json\/wp\/v2\/product"}],"about":[{"href":"https:\/\/www.lakewell.com\/fr\/wp-json\/wp\/v2\/types\/product"}],"wp:featuredmedia":[{"embeddable":true,"href":"https:\/\/www.lakewell.com\/fr\/wp-json\/wp\/v2\/media\/269290"}],"wp:attachment":[{"href":"https:\/\/www.lakewell.com\/fr\/wp-json\/wp\/v2\/media?parent=272848"}],"wp:term":[{"taxonomy":"product_cat","embeddable":true,"href":"https:\/\/www.lakewell.com\/fr\/wp-json\/wp\/v2\/product_cat?post=272848"},{"taxonomy":"product_tag","embeddable":true,"href":"https:\/\/www.lakewell.com\/fr\/wp-json\/wp\/v2\/product_tag?post=272848"}],"curies":[{"name":"wp","href":"https:\/\/api.w.org\/{rel}","templated":true}]}}