{"id":272870,"date":"2021-01-05T16:28:23","date_gmt":"2021-01-05T16:28:23","guid":{"rendered":"https:\/\/staging.lakewell.com\/product\/non%20class\u00e9\/ciel-de-pavillon-porsche-914-69-76\/"},"modified":"2022-08-07T07:54:03","modified_gmt":"2022-08-07T07:54:03","slug":"ciel-de-toit-porsche-914-69-76","status":"publish","type":"product","link":"https:\/\/www.lakewell.com\/fr\/shop\/porsche\/914\/ciel-de-toit-porsche-914-69-76\/","title":{"rendered":"Ciel de pavillon Porsche 914 &#8217;69-&#8217;76"},"content":{"rendered":"<p>Ciel de toit pour tous les mod\u00e8les Porsche 914 de 1969 \u00e0 1976. Convient \u00e0 la fois aux tops Targa 914 mod\u00e8les anciens et ult\u00e9rieurs. Disponible dans le feutre Perlon anthracite original.<\/p>\n<p>Pour un r\u00e9sultat durable, nous vous recommandons d&#8217;installer ce kit \u00e0 l&#8217;aide de colle PCP industrielle thermor\u00e9sistante avec durcisseur.<\/p>\n","protected":false},"excerpt":{"rendered":"<p>Ciel de toit pour tous les mod\u00e8les Porsche 914 de 1969 \u00e0 1976. Convient \u00e0 la fois aux tops Targa 914 mod\u00e8les anciens et ult\u00e9rieurs. Disponible dans le feutre Perlon anthracite original.<\/p>\n","protected":false},"featured_media":269303,"template":"","meta":[],"product_cat":[7576],"product_tag":[],"class_list":{"0":"post-272870","1":"product","2":"type-product","3":"status-publish","4":"has-post-thumbnail","6":"product_cat-7576","8":"first","9":"instock","10":"taxable","11":"shipping-taxable","12":"purchasable","13":"product-type-variable"},"wcpa_form_fields":null,"_links":{"self":[{"href":"https:\/\/www.lakewell.com\/fr\/wp-json\/wp\/v2\/product\/272870","targetHints":{"allow":["GET"]}}],"collection":[{"href":"https:\/\/www.lakewell.com\/fr\/wp-json\/wp\/v2\/product"}],"about":[{"href":"https:\/\/www.lakewell.com\/fr\/wp-json\/wp\/v2\/types\/product"}],"wp:featuredmedia":[{"embeddable":true,"href":"https:\/\/www.lakewell.com\/fr\/wp-json\/wp\/v2\/media\/269303"}],"wp:attachment":[{"href":"https:\/\/www.lakewell.com\/fr\/wp-json\/wp\/v2\/media?parent=272870"}],"wp:term":[{"taxonomy":"product_cat","embeddable":true,"href":"https:\/\/www.lakewell.com\/fr\/wp-json\/wp\/v2\/product_cat?post=272870"},{"taxonomy":"product_tag","embeddable":true,"href":"https:\/\/www.lakewell.com\/fr\/wp-json\/wp\/v2\/product_tag?post=272870"}],"curies":[{"name":"wp","href":"https:\/\/api.w.org\/{rel}","templated":true}]}}