{"id":272968,"date":"2021-01-05T15:48:37","date_gmt":"2021-01-05T15:48:37","guid":{"rendered":"https:\/\/staging.lakewell.com\/product\/non%20class\u00e9\/kit-retrim-pilier-a-porsche-911-964-et-993\/"},"modified":"2022-08-07T10:59:00","modified_gmt":"2022-08-07T10:59:00","slug":"kit-revetement-pilier-a-porsche-911-64-98","status":"publish","type":"product","link":"https:\/\/www.lakewell.com\/fr\/shop\/porsche\/911\/1965-1968\/kit-revetement-pilier-a-porsche-911-64-98\/","title":{"rendered":"Kit rev\u00eatement Pilier A Porsche 911, 964 et 993"},"content":{"rendered":"<p>Kit rev\u00eatement des montants A gauche et droit du pare-brise et autour du pare-brise (Targa) pour tous les mod\u00e8les Porsche 911, 964 et 993 1964-1998. Disponible uniquement en cuir nappa Porsche d&#8217;origine ou en vinyle Porsche noir.<\/p>\n<p>Pour les mod\u00e8les Coup\u00e9, le kit comprend une paire de garnitures de montant A. Pour les mod\u00e8les Targa, le kit comprend une pi\u00e8ce cousue int\u00e9gr\u00e9e couvrant l&#8217;ensemble du cadre du pare-brise. Sur les mod\u00e8les Targa, la mousse cellulaire pr\u00e9form\u00e9e sur le pare-brise n&#8217;est pas incluse mais peut g\u00e9n\u00e9ralement \u00eatre r\u00e9utilis\u00e9e.<\/p>\n<p>En raison de la d\u00e9coloration du mat\u00e9riau d&#8217;origine et des diff\u00e9rences de couleur entre les lots de teinture, nous proposons ce kit en noir uniquement. Pour les kits int\u00e9rieur complets en cuir, nous pouvons proposer la plupart des couleurs Porsche d&#8217;origine (veuillez nous contacter).<\/p>\n<p>L&#8217;installation n\u00e9cessite le retrait du pare-brise. Pour un r\u00e9sultat durable, nous recommandons d&#8217;installer ce kit \u00e0 l&#8217;aide de colle PCP industrielle r\u00e9sistante \u00e0 la chaleur avec durcisseur.<\/p>\n","protected":false},"excerpt":{"rendered":"<p>Kit rev\u00eatement des montants A gauche et droit du pare-brise et autour du pare-brise (Targa) pour tous les mod\u00e8les Porsche 911, 964 et 993 1964-1998. Disponible uniquement en cuir nappa Porsche d&#8217;origine ou en vinyle Porsche noir.<\/p>\n","protected":false},"featured_media":276530,"template":"","meta":[],"product_cat":[7546,7548,7550,7552,7554,7559,7568,7580],"product_tag":[],"class_list":{"0":"post-272968","1":"product","2":"type-product","3":"status-publish","4":"has-post-thumbnail","6":"product_cat-1965-1968","7":"product_cat-1969-1973","8":"product_cat-1974-1983","9":"product_cat-1984-1989","10":"product_cat-1990-1993","11":"product_cat-7559","12":"product_cat-7568","13":"product_cat-7580","15":"first","16":"instock","17":"taxable","18":"shipping-taxable","19":"purchasable","20":"product-type-variable","21":"has-product-sample"},"wcpa_form_fields":null,"_links":{"self":[{"href":"https:\/\/www.lakewell.com\/fr\/wp-json\/wp\/v2\/product\/272968","targetHints":{"allow":["GET"]}}],"collection":[{"href":"https:\/\/www.lakewell.com\/fr\/wp-json\/wp\/v2\/product"}],"about":[{"href":"https:\/\/www.lakewell.com\/fr\/wp-json\/wp\/v2\/types\/product"}],"wp:featuredmedia":[{"embeddable":true,"href":"https:\/\/www.lakewell.com\/fr\/wp-json\/wp\/v2\/media\/276530"}],"wp:attachment":[{"href":"https:\/\/www.lakewell.com\/fr\/wp-json\/wp\/v2\/media?parent=272968"}],"wp:term":[{"taxonomy":"product_cat","embeddable":true,"href":"https:\/\/www.lakewell.com\/fr\/wp-json\/wp\/v2\/product_cat?post=272968"},{"taxonomy":"product_tag","embeddable":true,"href":"https:\/\/www.lakewell.com\/fr\/wp-json\/wp\/v2\/product_tag?post=272968"}],"curies":[{"name":"wp","href":"https:\/\/api.w.org\/{rel}","templated":true}]}}