{"id":290446,"date":"2024-08-20T11:58:29","date_gmt":"2024-08-20T09:58:29","guid":{"rendered":"https:\/\/www.lakewell.com\/?post_type=product&#038;p=290446"},"modified":"2026-02-11T13:47:31","modified_gmt":"2026-02-11T11:47:31","slug":"nouveau-tableau-de-bord-section-principale-porsche-911-65-68-copy","status":"publish","type":"product","link":"https:\/\/www.lakewell.com\/fr\/shop\/porsche\/911\/1965-1968\/nouveau-tableau-de-bord-section-principale-porsche-911-65-68-copy\/","title":{"rendered":"Nouveau tableau de bord (cadre en acier) Porsche 911\/912 &#8217;64-&#8217;67"},"content":{"rendered":"<p>Nouveau tableau de bord complet en acier pour Porsche 911 et 912 de 1964 \u00e0 1967. Fabriqu\u00e9 selon les sp\u00e9cifications exactes des \u00e9quipementiers en acier de calibre 20. Disponible sans garniture ou rembourr\u00e9 et garni en vinyle classique Porsche (pr\u00eat \u00e0 \u00eatre install\u00e9).<\/p>\n<p>En raison de l&#8217;\u00e2ge et des infiltrations d&#8217;eau, les tableaux de bord \u00e0 armature m\u00e9tallique sont souvent rouill\u00e9s. Les tableaux de bord dans cet \u00e9tat sont irr\u00e9cup\u00e9rables. Dans ce cas, nous vous recommandons d&#8217;installer notre nouveau tableau de bord de sp\u00e9cifications OEM pour terminer votre restauration en 100 points.<\/p>\n<p>L&#8217;outil permettant de presser les tableaux de bord a \u00e9t\u00e9 d\u00e9velopp\u00e9 \u00e0 l&#8217;aide d&#8217;un scanner 3D sur un tableau de bord NOS. Le corps du tableau de bord est fabriqu\u00e9 en acier de calibre 20 et trait\u00e9 avec un appr\u00eat \u00e9poxy pour une pr\u00e9vention \u00e0 long terme de la rouille. Le tableau de bord en acier est livr\u00e9 avec une tirette permettant de garnir la partie avant du tableau de bord.<\/p>\n<p>Lorsque vous commandez un tableau de bord pr\u00eat \u00e0 \u00eatre install\u00e9, nous remplissons le cadre en acier avec de la mousse de cacao pr\u00e9form\u00e9e. Le cadre rembourr\u00e9 est ensuite recouvert de vinyle noir Porsche classic avec une grille de haut-parleur hexagonale d\u00e9coup\u00e9e au laser, comme \u00e0 l&#8217;origine.<\/p>\n<p>Tous les tableaux de bord sont de qualit\u00e9 assur\u00e9e sur un gabarit pour assurer\/contr\u00f4ler les points de montage. Nous garantissons une apparence et un ajustement authentiques d&#8217;usine.<\/p>\n<p>L&#8217;installation ne n\u00e9cessite aucun outil sp\u00e9cifique et est \u00e0 la port\u00e9e d&#8217;un m\u00e9canicien domestique moyennement exp\u00e9riment\u00e9. Veuillez noter que l&#8217;installation du tableau de bord n\u00e9cessite le retrait du pare-brise.<\/p>\n<p>Disponible uniquement pour les voitures LHD.<\/p>\n","protected":false},"excerpt":{"rendered":"<p>Nouveau tableau de bord complet en acier pour Porsche 911 et 912 de 1964 \u00e0 1967. Fabriqu\u00e9 selon les sp\u00e9cifications exactes des \u00e9quipementiers en acier de calibre 20. Disponible sans garniture ou rembourr\u00e9 et garni de vinyle noir (pr\u00eat \u00e0 installer)<\/p>\n","protected":false},"featured_media":290473,"template":"","meta":[],"product_cat":[7546,7559],"product_tag":[],"class_list":{"0":"post-290446","1":"product","2":"type-product","3":"status-publish","4":"has-post-thumbnail","6":"product_cat-1965-1968","7":"product_cat-7559","9":"first","10":"instock","11":"taxable","12":"shipping-taxable","13":"purchasable","14":"product-type-variable"},"wcpa_form_fields":null,"_links":{"self":[{"href":"https:\/\/www.lakewell.com\/fr\/wp-json\/wp\/v2\/product\/290446","targetHints":{"allow":["GET"]}}],"collection":[{"href":"https:\/\/www.lakewell.com\/fr\/wp-json\/wp\/v2\/product"}],"about":[{"href":"https:\/\/www.lakewell.com\/fr\/wp-json\/wp\/v2\/types\/product"}],"wp:featuredmedia":[{"embeddable":true,"href":"https:\/\/www.lakewell.com\/fr\/wp-json\/wp\/v2\/media\/290473"}],"wp:attachment":[{"href":"https:\/\/www.lakewell.com\/fr\/wp-json\/wp\/v2\/media?parent=290446"}],"wp:term":[{"taxonomy":"product_cat","embeddable":true,"href":"https:\/\/www.lakewell.com\/fr\/wp-json\/wp\/v2\/product_cat?post=290446"},{"taxonomy":"product_tag","embeddable":true,"href":"https:\/\/www.lakewell.com\/fr\/wp-json\/wp\/v2\/product_tag?post=290446"}],"curies":[{"name":"wp","href":"https:\/\/api.w.org\/{rel}","templated":true}]}}